{"id":7082,"date":"2022-09-08T08:02:00","date_gmt":"2022-09-08T08:02:00","guid":{"rendered":"https:\/\/pt.mach.co.mz\/?page_id=7082"},"modified":"2022-09-08T11:31:03","modified_gmt":"2022-09-08T11:31:03","slug":"cotacao-online","status":"publish","type":"page","link":"https:\/\/portadordiario.pt\/dropoff\/cotacao-online\/","title":{"rendered":"Cota\u00e7\u00e3o Online"},"content":{"rendered":"<p>[vc_row][vc_column][stm_spacing lg_spacing=&#8221;10px&#8221; md_spacing=&#8221;10px&#8221; sm_spacing=&#8221;10px&#8221; xs_spacing=&#8221;10px&#8221;][vc_column_text]<\/p>\n<h2>Cota\u00e7\u00e3o Online<\/h2>\n<p>Envie-nos o servi\u00e7o que pretende contratar e enviaremos a cota\u00e7\u00e3o.[\/vc_column_text]\n<div class=\"wpcf7 no-js\" id=\"wpcf7-f7092-o1\" lang=\"en-US\" dir=\"ltr\">\n<div class=\"screen-reader-response\"><p role=\"status\" aria-live=\"polite\" aria-atomic=\"true\"><\/p> <ul><\/ul><\/div>\n<form action=\"\/dropoff\/wp-json\/wp\/v2\/pages\/7082#wpcf7-f7092-o1\" method=\"post\" class=\"wpcf7-form init\" aria-label=\"Contact form\" novalidate=\"novalidate\" data-status=\"init\">\n<div style=\"display: none;\">\n<input type=\"hidden\" name=\"_wpcf7\" value=\"7092\" \/>\n<input type=\"hidden\" name=\"_wpcf7_version\" value=\"5.9\" \/>\n<input type=\"hidden\" name=\"_wpcf7_locale\" value=\"en_US\" \/>\n<input type=\"hidden\" name=\"_wpcf7_unit_tag\" value=\"wpcf7-f7092-o1\" \/>\n<input type=\"hidden\" name=\"_wpcf7_container_post\" value=\"0\" \/>\n<input type=\"hidden\" name=\"_wpcf7_posted_data_hash\" value=\"\" \/>\n<\/div>\n<div class=\"request_callback\">\n\t<div class=\"row\">\n\t\t<div class=\"col-lg-6 col-md-6 col-sm-6 col-xs-12\">\n\t\t\t<div class=\"input-group\">\n\t\t\t\t<p><span class=\"wpcf7-form-control-wrap\" data-name=\"text-name\"><input size=\"40\" class=\"wpcf7-form-control wpcf7-text wpcf7-validates-as-required\" aria-required=\"true\" aria-invalid=\"false\" placeholder=\"Nome Completo*\" value=\"\" type=\"text\" name=\"text-name\" \/><\/span>\n\t\t\t\t<\/p>\n\t\t\t<\/div>\n\t\t\t<div class=\"input-group\">\n\t\t\t\t<p><span class=\"wpcf7-form-control-wrap\" data-name=\"company\"><input size=\"40\" class=\"wpcf7-form-control wpcf7-text\" aria-invalid=\"false\" placeholder=\"Telefone\" value=\"\" type=\"text\" name=\"company\" \/><\/span>\n\t\t\t\t<\/p>\n\t\t\t<\/div>\n\t\t\t<div class=\"input-group\">\n\t\t\t\t<p><span class=\"wpcf7-form-control-wrap\" data-name=\"email\"><input size=\"40\" class=\"wpcf7-form-control wpcf7-email wpcf7-validates-as-required wpcf7-text wpcf7-validates-as-email\" aria-required=\"true\" aria-invalid=\"false\" placeholder=\"E-mail *\" value=\"\" type=\"email\" name=\"email\" \/><\/span>\n\t\t\t\t<\/p>\n\t\t\t<\/div>\n\t\t\t<div class=\"input-group\">\n\t\t\t\t<p><button type=\"submit\" class=\"button size-lg icon_right\">Submeter <i class=\"fa fa-chevron-right\"><\/i><\/button>\n\t\t\t\t<\/p>\n\t\t\t<\/div>\n\t\t<\/div>\n\t\t<div class=\"col-lg-6 col-md-6 col-sm-6 col-xs-12\">\n\t\t\t<div class=\"input-group\">\n\t\t\t\t<p><span class=\"wpcf7-form-control-wrap\" data-name=\"menu-363\"><select class=\"wpcf7-form-control wpcf7-select wpcf7-validates-as-required\" aria-required=\"true\" aria-invalid=\"false\" name=\"menu-363\"><option value=\"\">Servi\u00e7o Pretendido *<\/option><option value=\"Transporte A\u00e9reo\">Transporte A\u00e9reo<\/option><option value=\"Correspond\u00eancia Diversa\">Correspond\u00eancia Diversa<\/option><option value=\"Carga A\u00e9rea\">Carga A\u00e9rea<\/option><option value=\"Pequenas Remessas\">Pequenas Remessas<\/option><option value=\"Expedi\u00e7\u00e3o de Bagagem\">Expedi\u00e7\u00e3o de Bagagem<\/option><option value=\"Expedi\u00e7\u00e3o de Bagagem\">Expedi\u00e7\u00e3o de Bagagem<\/option><option value=\"Transporte Mar\u00edtimo\">Transporte Mar\u00edtimo<\/option><option value=\"Contentores Completos FCL\">Contentores Completos FCL<\/option><option value=\"Partes de Contentores (Grupagem) LCL\">Partes de Contentores (Grupagem) LCL<\/option><option value=\"Servi\u00e7os Aduaneiros\">Servi\u00e7os Aduaneiros<\/option><option value=\"Servi\u00e7os de Recolha e Distribui\u00e7\u00e3o Porta a Porta\">Servi\u00e7os de Recolha e Distribui\u00e7\u00e3o Porta a Porta<\/option><option value=\"Armazenagem e Servi\u00e7os Complementares ao Transporte\">Armazenagem e Servi\u00e7os Complementares ao Transporte<\/option><option value=\"Armazenagem\">Armazenagem<\/option><\/select><\/span>\n\t\t\t\t<\/p>\n\t\t\t<\/div>\n\t\t\t<div class=\"input-group\">\n\t\t\t\t<p><span class=\"wpcf7-form-control-wrap\" data-name=\"message\"><textarea cols=\"40\" rows=\"10\" class=\"wpcf7-form-control wpcf7-textarea wpcf7-validates-as-required\" aria-required=\"true\" aria-invalid=\"false\" placeholder=\"Mensagem*\" name=\"message\"><\/textarea><\/span>\n\t\t\t\t<\/p>\n\t\t\t<\/div>\n\t\t<\/div>\n\t<\/div>\n<\/div><input type='hidden' class='wpcf7-pum' value='{\"closepopup\":false,\"closedelay\":0,\"openpopup\":false,\"openpopup_id\":0}' \/><div class=\"wpcf7-response-output\" aria-hidden=\"true\"><\/div>\n<\/form>\n<\/div>\n[\/vc_column][\/vc_row]<\/p>\n","protected":false},"excerpt":{"rendered":"<p>[vc_row][vc_column][stm_spacing lg_spacing=&#8221;10px&#8221; md_spacing=&#8221;10px&#8221; sm_spacing=&#8221;10px&#8221; xs_spacing=&#8221;10px&#8221;][vc_column_text] Cota\u00e7\u00e3o Online Envie-nos o servi\u00e7o que pretende contratar e enviaremos a cota\u00e7\u00e3o.[\/vc_column_text][\/vc_column][\/vc_row]<\/p>\n","protected":false},"author":1,"featured_media":0,"parent":0,"menu_order":0,"comment_status":"closed","ping_status":"closed","template":"","meta":{"footnotes":""},"_links":{"self":[{"href":"https:\/\/portadordiario.pt\/dropoff\/wp-json\/wp\/v2\/pages\/7082"}],"collection":[{"href":"https:\/\/portadordiario.pt\/dropoff\/wp-json\/wp\/v2\/pages"}],"about":[{"href":"https:\/\/portadordiario.pt\/dropoff\/wp-json\/wp\/v2\/types\/page"}],"author":[{"embeddable":true,"href":"https:\/\/portadordiario.pt\/dropoff\/wp-json\/wp\/v2\/users\/1"}],"replies":[{"embeddable":true,"href":"https:\/\/portadordiario.pt\/dropoff\/wp-json\/wp\/v2\/comments?post=7082"}],"version-history":[{"count":10,"href":"https:\/\/portadordiario.pt\/dropoff\/wp-json\/wp\/v2\/pages\/7082\/revisions"}],"predecessor-version":[{"id":7085,"href":"https:\/\/portadordiario.pt\/dropoff\/wp-json\/wp\/v2\/pages\/7082\/revisions\/7085"}],"wp:attachment":[{"href":"https:\/\/portadordiario.pt\/dropoff\/wp-json\/wp\/v2\/media?parent=7082"}],"curies":[{"name":"wp","href":"https:\/\/api.w.org\/{rel}","templated":true}]}}