{"id":408,"date":"2016-01-07T09:31:53","date_gmt":"2016-01-07T09:31:53","guid":{"rendered":"http:\/\/consulting.stylemixthemes.com\/?page_id=408"},"modified":"2023-01-09T08:59:37","modified_gmt":"2023-01-09T08:59:37","slug":"carreira","status":"publish","type":"page","link":"https:\/\/portadordiario.pt\/dropoff\/carreira\/","title":{"rendered":"Carreira"},"content":{"rendered":"<p>[vc_row css=&#8221;.vc_custom_1459506339266{margin-bottom: 100px !important;}&#8221;][vc_column offset=&#8221;vc_col-lg-9 vc_col-md-9&#8243;][vc_column_text css=&#8221;.vc_custom_1673254683653{margin-bottom: 52px !important;}&#8221;]<\/p>\n<h2>Carreira<\/h2>\n<p>[\/vc_column_text][vc_custom_heading text=&#8221;Vagas Dispon\u00edveis&#8221; font_container=&#8221;tag:h4|text_align:left|color:%23222222&#8243; use_theme_fonts=&#8221;yes&#8221; css=&#8221;.vc_custom_1662638309988{margin-bottom: 31px !important;}&#8221; el_class=&#8221;no_stripe&#8221;][stm_vacancies][vc_row_inner css=&#8221;.vc_custom_1453463400247{margin-bottom: 30px !important;}&#8221;][vc_column_inner width=&#8221;1\/2&#8243; offset=&#8221;vc_hidden-lg vc_hidden-md vc_hidden-sm vc_hidden-xs&#8221;][vc_video link=&#8221;https:\/\/www.youtube.com\/embed\/w0RGnXpf9LU&#8221; image=&#8221;423&#8243; size=&#8221;380&#8243;][\/vc_column_inner][vc_column_inner width=&#8221;1\/2&#8243; offset=&#8221;vc_hidden-lg vc_hidden-md vc_hidden-sm vc_hidden-xs&#8221;][stm_spacing lg_spacing=&#8221;0&#8243; md_spacing=&#8221;0&#8243; sm_spacing=&#8221;0&#8243; xs_spacing=&#8221;30&#8243;][vc_custom_heading text=&#8221;Benefits and rewards&#8221; font_container=&#8221;tag:h4|text_align:left|color:%23222222&#8243; use_theme_fonts=&#8221;yes&#8221; css=&#8221;.vc_custom_1549463977651{margin-bottom: 15px !important;}&#8221; el_class=&#8221;no_stripe remove_padding&#8221;][vc_column_text]We care for our clients&#8217; business as our business. We think and act like business partners, not academic advisors. We share our clients&#8217; aspirations, work to understand their reality, and align our incentives with their objectives \u2014 so they know we&#8217;re in this together.<\/p>\n<p>Personal impact, mentoring, and teamwork are just a few of the benefits of building a career at Consulting WP.[\/vc_column_text][\/vc_column_inner][\/vc_row_inner][vc_column_text css=&#8221;.vc_custom_1673254709630{margin-bottom: 52px !important;}&#8221;]Envie-nos o seu CV e a sua Carta da Apresenta\u00e7\u00e3o preenchendo o formul\u00e1rio abaixo e fa\u00e7a parte da nossa equipa.[\/vc_column_text]\n<div class=\"wpcf7 no-js\" id=\"wpcf7-f7031-o1\" lang=\"en-US\" dir=\"ltr\">\n<div class=\"screen-reader-response\"><p role=\"status\" aria-live=\"polite\" aria-atomic=\"true\"><\/p> <ul><\/ul><\/div>\n<form action=\"\/dropoff\/wp-json\/wp\/v2\/pages\/408#wpcf7-f7031-o1\" method=\"post\" class=\"wpcf7-form init\" aria-label=\"Contact form\" enctype=\"multipart\/form-data\" novalidate=\"novalidate\" data-status=\"init\">\n<div style=\"display: none;\">\n<input type=\"hidden\" name=\"_wpcf7\" value=\"7031\" \/>\n<input type=\"hidden\" name=\"_wpcf7_version\" value=\"5.9\" \/>\n<input type=\"hidden\" name=\"_wpcf7_locale\" value=\"en_US\" \/>\n<input type=\"hidden\" name=\"_wpcf7_unit_tag\" value=\"wpcf7-f7031-o1\" \/>\n<input type=\"hidden\" name=\"_wpcf7_container_post\" value=\"0\" \/>\n<input type=\"hidden\" name=\"_wpcf7_posted_data_hash\" value=\"\" \/>\n<\/div>\n<div class=\"request_callback\">\n\t<div class=\"row\">\n\t\t<div class=\"col-lg-6 col-md-6 col-sm-6 col-xs-12\">\n\t\t\t<div class=\"input-group\">\n\t\t\t\t<p><span class=\"wpcf7-form-control-wrap\" data-name=\"text-name\"><input size=\"40\" class=\"wpcf7-form-control wpcf7-text wpcf7-validates-as-required\" aria-required=\"true\" aria-invalid=\"false\" placeholder=\"Nome Completo*\" value=\"\" type=\"text\" name=\"text-name\" \/><\/span>\n\t\t\t\t<\/p>\n\t\t\t<\/div>\n\t\t\t<div class=\"input-group\">\n\t\t\t\t<p><span class=\"wpcf7-form-control-wrap\" data-name=\"company\"><input size=\"40\" class=\"wpcf7-form-control wpcf7-text\" aria-invalid=\"false\" placeholder=\"Telefone\" value=\"\" type=\"text\" name=\"company\" \/><\/span>\n\t\t\t\t<\/p>\n\t\t\t<\/div>\n\t\t\t<div class=\"input-group\">\n\t\t\t\t<p><span class=\"wpcf7-form-control-wrap\" data-name=\"email\"><input size=\"40\" class=\"wpcf7-form-control wpcf7-email wpcf7-validates-as-required wpcf7-text wpcf7-validates-as-email\" aria-required=\"true\" aria-invalid=\"false\" placeholder=\"E-mail *\" value=\"\" type=\"email\" name=\"email\" \/><\/span>\n\t\t\t\t<\/p>\n\t\t\t<\/div>\n\t\t\t<div class=\"input-group\">\n\t\t\t\t<p><label>Envie-nos o seu CV<\/label><br \/>\n<span class=\"wpcf7-form-control-wrap\" data-name=\"cv\"><input size=\"40\" class=\"wpcf7-form-control wpcf7-file wpcf7-validates-as-required\" accept=\".pdf\" aria-required=\"true\" aria-invalid=\"false\" type=\"file\" name=\"cv\" \/><\/span>\n\t\t\t\t<\/p>\n\t\t\t<\/div>\n\t\t\t<div class=\"input-group\">\n\t\t\t\t<p><button type=\"submit\" class=\"button size-lg icon_right\">Submeter <i class=\"fa fa-chevron-right\"><\/i><\/button>\n\t\t\t\t<\/p>\n\t\t\t<\/div>\n\t\t<\/div>\n\t\t<div class=\"col-lg-6 col-md-6 col-sm-6 col-xs-12\">\n\t\t\t<div class=\"input-group\">\n\t\t\t\t<p><span class=\"wpcf7-form-control-wrap\" data-name=\"menu-363\"><select class=\"wpcf7-form-control wpcf7-select wpcf7-validates-as-required\" aria-required=\"true\" aria-invalid=\"false\" name=\"menu-363\"><option value=\"\">Vaga Pretendida *<\/option><option value=\"Transporte A\u00e9reo\">Transporte A\u00e9reo<\/option><option value=\"Correspond\u00eancia Diversa\">Correspond\u00eancia Diversa<\/option><option value=\"Carga A\u00e9rea\">Carga A\u00e9rea<\/option><option value=\"Pequenas Remessas\">Pequenas Remessas<\/option><option value=\"Expedi\u00e7\u00e3o de Bagagem\">Expedi\u00e7\u00e3o de Bagagem<\/option><option value=\"Expedi\u00e7\u00e3o de Bagagem\">Expedi\u00e7\u00e3o de Bagagem<\/option><option value=\"Transporte Mar\u00edtimo\">Transporte Mar\u00edtimo<\/option><option value=\"Contentores Completos FCL\">Contentores Completos FCL<\/option><option value=\"Partes de Contentores (Grupagem) LCL\">Partes de Contentores (Grupagem) LCL<\/option><option value=\"Servi\u00e7os Aduaneiros\">Servi\u00e7os Aduaneiros<\/option><option value=\"Servi\u00e7os de Recolha e Distribui\u00e7\u00e3o Porta a Porta\">Servi\u00e7os de Recolha e Distribui\u00e7\u00e3o Porta a Porta<\/option><option value=\"Armazenagem e Servi\u00e7os Complementares ao Transporte\">Armazenagem e Servi\u00e7os Complementares ao Transporte<\/option><option value=\"Armazenagem\">Armazenagem<\/option><\/select><\/span>\n\t\t\t\t<\/p>\n\t\t\t<\/div>\n\t\t\t<div class=\"input-group\">\n\t\t\t\t<p><span class=\"wpcf7-form-control-wrap\" data-name=\"message\"><textarea cols=\"40\" rows=\"10\" class=\"wpcf7-form-control wpcf7-textarea wpcf7-validates-as-required\" aria-required=\"true\" aria-invalid=\"false\" placeholder=\"Mensagem*\" name=\"message\"><\/textarea><\/span>\n\t\t\t\t<\/p>\n\t\t\t<\/div>\n\t\t\t<div class=\"input-group\">\n\t\t\t\t<p><label>Envie-nos a carta de apresenta\u00e7\u00e3o<\/label><br \/>\n<span class=\"wpcf7-form-control-wrap\" data-name=\"cv\"><input size=\"40\" class=\"wpcf7-form-control wpcf7-file wpcf7-validates-as-required\" accept=\".pdf\" aria-required=\"true\" aria-invalid=\"false\" type=\"file\" name=\"cv\" \/><\/span>\n\t\t\t\t<\/p>\n\t\t\t<\/div>\n\t\t<\/div>\n\t<\/div>\n<\/div><input type='hidden' class='wpcf7-pum' value='{\"closepopup\":false,\"closedelay\":0,\"openpopup\":false,\"openpopup_id\":0}' \/><div class=\"wpcf7-response-output\" aria-hidden=\"true\"><\/div>\n<\/form>\n<\/div>\n[stm_spacing lg_spacing=&#8221;0&#8243; md_spacing=&#8221;0&#8243; sm_spacing=&#8221;40&#8243; xs_spacing=&#8221;40&#8243;][\/vc_column][vc_column offset=&#8221;vc_col-lg-3 vc_col-md-3&#8243;][stm_sidebar sidebar=&#8221;311&#8243;][\/vc_column][\/vc_row][vc_row full_width=&#8221;stretch_row&#8221; css=&#8221;.vc_custom_1459505959648{margin-bottom: -60px !important;}&#8221; el_class=&#8221;third_bg_color&#8221;][vc_column offset=&#8221;vc_hidden-lg vc_hidden-md vc_hidden-sm vc_hidden-xs&#8221;][vc_cta h2=&#8221;Deseja contratar os nossos servi\u00e7os, envie-nos uma mensagem e receba cota\u00e7\u00e3o sem sair de casa.&#8221; h2_font_container=&#8221;tag:h2|font_size:20px|text_align:left|color:%23ffffff|line_height:24px&#8221; h2_use_theme_fonts=&#8221;yes&#8221; shape=&#8221;square&#8221; style=&#8221;flat&#8221; add_button=&#8221;right&#8221; btn_title=&#8221;Cota\u00e7\u00e3o Online&#8221; btn_style=&#8221;flat&#8221; btn_color=&#8221;theme_style_2&#8243; btn_size=&#8221;lg&#8221; btn_align=&#8221;right&#8221; btn_i_align=&#8221;right&#8221; btn_i_icon_fontawesome=&#8221;stm-location&#8221; use_custom_fonts_h2=&#8221;true&#8221; btn_add_icon=&#8221;true&#8221; btn_link=&#8221;url:%23||&#8221; el_class=&#8221;third_bg_color&#8221; css=&#8221;.vc_custom_1662035849156{margin-bottom: 0px !important;}&#8221;][\/vc_cta][vc_tta_accordion shape=&#8221;square&#8221; c_position=&#8221;right&#8221; active_section=&#8221;1&#8243; css=&#8221;.vc_custom_1453467174989{margin-bottom: 60px !important;}&#8221;][vc_tta_section title=&#8221;What does Consulting WP do?&#8221; tab_id=&#8221;1452160548343-003e17f2-760d&#8221;][vc_column_text]When you work at Consulting WP, you get to be part of a team that is known for its performance. We are efficiency driven professionals who focus on the endgame.[\/vc_column_text][\/vc_tta_section][vc_tta_section title=&#8221;What industries do you specialize in?&#8221; tab_id=&#8221;1452160738660-5468e659-6776&#8243;][vc_column_text]Consulting WP focuses not just on recruiting individuals that are performance oriented but also on developing them. To us it is important to ensure that our clients are satisfied and are being served with the care and respect they deserve.[\/vc_column_text][\/vc_tta_section][vc_tta_section title=&#8221;Can you help us raise money?&#8221; tab_id=&#8221;1452160747001-6a933eea-21de&#8221;][vc_column_text]Once we see the potential in someone and recruit them we ensure that they get an environment in which they can actually realize their potential. Stress and pressure are the enemies of productivity and creativity, we aim to decrease them as much as possible.[\/vc_column_text][\/vc_tta_section][\/vc_tta_accordion][\/vc_column][\/vc_row]<\/p>\n","protected":false},"excerpt":{"rendered":"<p>[vc_row css=&#8221;.vc_custom_1459506339266{margin-bottom: 100px !important;}&#8221;][vc_column offset=&#8221;vc_col-lg-9 vc_col-md-9&#8243;][vc_column_text css=&#8221;.vc_custom_1673254683653{margin-bottom: 52px !important;}&#8221;] Carreira [\/vc_column_text][vc_custom_heading text=&#8221;Vagas Dispon\u00edveis&#8221; font_container=&#8221;tag:h4|text_align:left|color:%23222222&#8243; use_theme_fonts=&#8221;yes&#8221; css=&#8221;.vc_custom_1662638309988{margin-bottom: 31px !important;}&#8221; el_class=&#8221;no_stripe&#8221;][stm_vacancies][vc_row_inner css=&#8221;.vc_custom_1453463400247{margin-bottom: 30px !important;}&#8221;][vc_column_inner width=&#8221;1\/2&#8243; offset=&#8221;vc_hidden-lg vc_hidden-md vc_hidden-sm vc_hidden-xs&#8221;][vc_video link=&#8221;https:\/\/www.youtube.com\/embed\/w0RGnXpf9LU&#8221; image=&#8221;423&#8243; size=&#8221;380&#8243;][\/vc_column_inner][vc_column_inner width=&#8221;1\/2&#8243; offset=&#8221;vc_hidden-lg vc_hidden-md vc_hidden-sm vc_hidden-xs&#8221;][stm_spacing lg_spacing=&#8221;0&#8243; md_spacing=&#8221;0&#8243; sm_spacing=&#8221;0&#8243; xs_spacing=&#8221;30&#8243;][vc_custom_heading text=&#8221;Benefits and rewards&#8221; font_container=&#8221;tag:h4|text_align:left|color:%23222222&#8243; use_theme_fonts=&#8221;yes&#8221; css=&#8221;.vc_custom_1549463977651{margin-bottom: 15px !important;}&#8221; el_class=&#8221;no_stripe remove_padding&#8221;][vc_column_text]We care for our clients&#8217; business as<\/p>\n","protected":false},"author":1,"featured_media":0,"parent":0,"menu_order":0,"comment_status":"closed","ping_status":"closed","template":"","meta":{"footnotes":""},"_links":{"self":[{"href":"https:\/\/portadordiario.pt\/dropoff\/wp-json\/wp\/v2\/pages\/408"}],"collection":[{"href":"https:\/\/portadordiario.pt\/dropoff\/wp-json\/wp\/v2\/pages"}],"about":[{"href":"https:\/\/portadordiario.pt\/dropoff\/wp-json\/wp\/v2\/types\/page"}],"author":[{"embeddable":true,"href":"https:\/\/portadordiario.pt\/dropoff\/wp-json\/wp\/v2\/users\/1"}],"replies":[{"embeddable":true,"href":"https:\/\/portadordiario.pt\/dropoff\/wp-json\/wp\/v2\/comments?post=408"}],"version-history":[{"count":9,"href":"https:\/\/portadordiario.pt\/dropoff\/wp-json\/wp\/v2\/pages\/408\/revisions"}],"predecessor-version":[{"id":7146,"href":"https:\/\/portadordiario.pt\/dropoff\/wp-json\/wp\/v2\/pages\/408\/revisions\/7146"}],"wp:attachment":[{"href":"https:\/\/portadordiario.pt\/dropoff\/wp-json\/wp\/v2\/media?parent=408"}],"curies":[{"name":"wp","href":"https:\/\/api.w.org\/{rel}","templated":true}]}}