{"id":1529,"date":"2017-02-09T14:04:48","date_gmt":"2017-02-09T14:04:48","guid":{"rendered":"http:\/\/consult.loc\/?page_id=1476"},"modified":"2022-08-11T11:54:47","modified_gmt":"2022-08-11T11:54:47","slug":"contacto","status":"publish","type":"page","link":"https:\/\/portadordiario.pt\/dropoff\/contacto\/","title":{"rendered":"Contacto"},"content":{"rendered":"<p>[vc_row css=&#8221;.vc_custom_1485423383193{margin-bottom: 20px !important;}&#8221;][vc_column css=&#8221;.vc_custom_1485424286916{margin-bottom: 30px !important;}&#8221; offset=&#8221;vc_col-lg-4&#8243;][vc_column_text el_class=&#8221;border_base_color&#8221; css=&#8221;.vc_custom_1660218137204{margin-bottom: 28px !important;border-bottom-width: 3px !important;padding-bottom: 32px !important;border-bottom-color: #002e5b !important;border-bottom-style: solid !important;}&#8221;]<span style=\"color: #444444; font-size: 16px; letter-spacing: -0.4px;\">Entre em contacto connosco e fique por dentro das melhores solu\u00e7\u00f5es que oferecemos ao mercado de Portugal e do mundo &#8230;<\/span><\/p>\n<div id=\"gtx-trans\" style=\"position: absolute; left: -27px; top: -10px;\">\n<div class=\"gtx-trans-icon\"><\/div>\n<\/div>\n<p>[\/vc_column_text][stm_contacts_widget style=&#8221;style_4&#8243; email=&#8221;geral@portadordiario.pt&#8221; title=&#8221;Encontre-nos&#8221; address=&#8221;Av. Lisboa<br \/>\nLisboa &#8211; Portugal&#8221; phone=&#8221;+231 1234 567&#8243; facebook=&#8221;#&#8221; linkedin=&#8221;#&#8221;][\/vc_column][vc_column css=&#8221;.vc_custom_1485424295749{margin-bottom: 30px !important;}&#8221; offset=&#8221;vc_col-lg-8&#8243;]\n<div class=\"wpcf7 no-js\" id=\"wpcf7-f1474-o1\" lang=\"en-US\" dir=\"ltr\">\n<div class=\"screen-reader-response\"><p role=\"status\" aria-live=\"polite\" aria-atomic=\"true\"><\/p> <ul><\/ul><\/div>\n<form action=\"\/dropoff\/wp-json\/wp\/v2\/pages\/1529#wpcf7-f1474-o1\" method=\"post\" class=\"wpcf7-form init\" aria-label=\"Contact form\" novalidate=\"novalidate\" data-status=\"init\">\n<div style=\"display: none;\">\n<input type=\"hidden\" name=\"_wpcf7\" value=\"1474\" \/>\n<input type=\"hidden\" name=\"_wpcf7_version\" value=\"5.9\" \/>\n<input type=\"hidden\" name=\"_wpcf7_locale\" value=\"en_US\" \/>\n<input type=\"hidden\" name=\"_wpcf7_unit_tag\" value=\"wpcf7-f1474-o1\" \/>\n<input type=\"hidden\" name=\"_wpcf7_container_post\" value=\"0\" \/>\n<input type=\"hidden\" name=\"_wpcf7_posted_data_hash\" value=\"\" \/>\n<\/div>\n<div class=\"request_callback\">\n\t<div class=\"row\">\n\t\t<div class=\"col-lg-6 col-md-6 col-sm-6 col-xs-12\">\n\t\t\t<div class=\"input-group\">\n\t\t\t\t<p><span class=\"wpcf7-form-control-wrap\" data-name=\"text-name\"><input size=\"40\" class=\"wpcf7-form-control wpcf7-text wpcf7-validates-as-required\" aria-required=\"true\" aria-invalid=\"false\" placeholder=\"Nome *\" value=\"\" type=\"text\" name=\"text-name\" \/><\/span>\n\t\t\t\t<\/p>\n\t\t\t<\/div>\n\t\t\t<div class=\"input-group\">\n\t\t\t\t<p><span class=\"wpcf7-form-control-wrap\" data-name=\"company\"><input size=\"40\" class=\"wpcf7-form-control wpcf7-text\" aria-invalid=\"false\" placeholder=\"Empresa\" value=\"\" type=\"text\" name=\"company\" \/><\/span>\n\t\t\t\t<\/p>\n\t\t\t<\/div>\n\t\t\t<div class=\"input-group\">\n\t\t\t\t<p><span class=\"wpcf7-form-control-wrap\" data-name=\"email\"><input size=\"40\" class=\"wpcf7-form-control wpcf7-email wpcf7-validates-as-required wpcf7-text wpcf7-validates-as-email\" aria-required=\"true\" aria-invalid=\"false\" placeholder=\"E-mail *\" value=\"\" type=\"email\" name=\"email\" \/><\/span>\n\t\t\t\t<\/p>\n\t\t\t<\/div>\n\t\t\t<div class=\"input-group\">\n\t\t\t\t<p><span class=\"wpcf7-form-control-wrap\" data-name=\"menu-774\"><select class=\"wpcf7-form-control wpcf7-select wpcf7-validates-as-required\" aria-required=\"true\" aria-invalid=\"false\" name=\"menu-774\"><option value=\"\">Assunto de Contacto *<\/option><option value=\"Pedido de Cota\u00e7\u00e3o\">Pedido de Cota\u00e7\u00e3o<\/option><option value=\"Marca\u00e7\u00e3o de Reuni\u00e3o\">Marca\u00e7\u00e3o de Reuni\u00e3o<\/option><\/select><\/span>\n\t\t\t\t<\/p>\n\t\t\t<\/div>\n\t\t<\/div>\n\t\t<div class=\"col-lg-6 col-md-6 col-sm-6 col-xs-12\">\n\t\t\t<div class=\"input-group\">\n\t\t\t\t<p><span class=\"wpcf7-form-control-wrap\" data-name=\"menu-363\"><select class=\"wpcf7-form-control wpcf7-select wpcf7-validates-as-required\" aria-required=\"true\" aria-invalid=\"false\" name=\"menu-363\"><option value=\"\">Servi\u00e7o Pretendido *<\/option><option value=\"Transporte A\u00e9reo\">Transporte A\u00e9reo<\/option><option value=\"Correspond\u00eancia Diversa\">Correspond\u00eancia Diversa<\/option><option value=\"Carga A\u00e9rea\">Carga A\u00e9rea<\/option><option value=\"Pequenas Remessas\">Pequenas Remessas<\/option><option value=\"Expedi\u00e7\u00e3o de Bagagem\">Expedi\u00e7\u00e3o de Bagagem<\/option><option value=\"Expedi\u00e7\u00e3o de Bagagem\">Expedi\u00e7\u00e3o de Bagagem<\/option><option value=\"Transporte Mar\u00edtimo\">Transporte Mar\u00edtimo<\/option><option value=\"Contentores Completos FCL\">Contentores Completos FCL<\/option><option value=\"Partes de Contentores (Grupagem) LCL\">Partes de Contentores (Grupagem) LCL<\/option><option value=\"Servi\u00e7os Aduaneiros\">Servi\u00e7os Aduaneiros<\/option><option value=\"Servi\u00e7os de Recolha e Distribui\u00e7\u00e3o Porta a Porta\">Servi\u00e7os de Recolha e Distribui\u00e7\u00e3o Porta a Porta<\/option><option value=\"Armazenagem e Servi\u00e7os Complementares ao Transporte\">Armazenagem e Servi\u00e7os Complementares ao Transporte<\/option><option value=\"Armazenagem\">Armazenagem<\/option><\/select><\/span>\n\t\t\t\t<\/p>\n\t\t\t<\/div>\n\t\t\t<div class=\"input-group\">\n\t\t\t\t<p><span class=\"wpcf7-form-control-wrap\" data-name=\"message\"><textarea cols=\"40\" rows=\"10\" class=\"wpcf7-form-control wpcf7-textarea wpcf7-validates-as-required\" aria-required=\"true\" aria-invalid=\"false\" placeholder=\"Mensagem*\" name=\"message\"><\/textarea><\/span>\n\t\t\t\t<\/p>\n\t\t\t<\/div>\n\t\t\t<div class=\"input-group\">\n\t\t\t\t<p><button type=\"submit\" class=\"button size-lg icon_right\">Submeter <i class=\"fa fa-chevron-right\"><\/i><\/button>\n\t\t\t\t<\/p>\n\t\t\t<\/div>\n\t\t<\/div>\n\t<\/div>\n<\/div><input type='hidden' class='wpcf7-pum' value='{\"closepopup\":false,\"closedelay\":0,\"openpopup\":false,\"openpopup_id\":0}' \/><div class=\"wpcf7-response-output\" aria-hidden=\"true\"><\/div>\n<\/form>\n<\/div>\n[\/vc_column][\/vc_row][vc_row][vc_column][vc_column_text][\/vc_column_text][\/vc_column][\/vc_row]<\/p>\n","protected":false},"excerpt":{"rendered":"<p>[vc_row css=&#8221;.vc_custom_1485423383193{margin-bottom: 20px !important;}&#8221;][vc_column css=&#8221;.vc_custom_1485424286916{margin-bottom: 30px !important;}&#8221; offset=&#8221;vc_col-lg-4&#8243;][vc_column_text el_class=&#8221;border_base_color&#8221; css=&#8221;.vc_custom_1660218137204{margin-bottom: 28px !important;border-bottom-width: 3px !important;padding-bottom: 32px !important;border-bottom-color: #002e5b !important;border-bottom-style: solid !important;}&#8221;]Entre em contacto connosco e fique por dentro das melhores solu\u00e7\u00f5es que oferecemos ao mercado de Portugal e do mundo &#8230; [\/vc_column_text][stm_contacts_widget style=&#8221;style_4&#8243; email=&#8221;geral@portadordiario.pt&#8221; title=&#8221;Encontre-nos&#8221; address=&#8221;Av. Lisboa Lisboa &#8211; Portugal&#8221; phone=&#8221;+231 1234 567&#8243; facebook=&#8221;#&#8221; linkedin=&#8221;#&#8221;][\/vc_column][vc_column css=&#8221;.vc_custom_1485424295749{margin-bottom:<\/p>\n","protected":false},"author":1,"featured_media":0,"parent":0,"menu_order":0,"comment_status":"closed","ping_status":"closed","template":"","meta":{"footnotes":""},"_links":{"self":[{"href":"https:\/\/portadordiario.pt\/dropoff\/wp-json\/wp\/v2\/pages\/1529"}],"collection":[{"href":"https:\/\/portadordiario.pt\/dropoff\/wp-json\/wp\/v2\/pages"}],"about":[{"href":"https:\/\/portadordiario.pt\/dropoff\/wp-json\/wp\/v2\/types\/page"}],"author":[{"embeddable":true,"href":"https:\/\/portadordiario.pt\/dropoff\/wp-json\/wp\/v2\/users\/1"}],"replies":[{"embeddable":true,"href":"https:\/\/portadordiario.pt\/dropoff\/wp-json\/wp\/v2\/comments?post=1529"}],"version-history":[{"count":5,"href":"https:\/\/portadordiario.pt\/dropoff\/wp-json\/wp\/v2\/pages\/1529\/revisions"}],"predecessor-version":[{"id":6953,"href":"https:\/\/portadordiario.pt\/dropoff\/wp-json\/wp\/v2\/pages\/1529\/revisions\/6953"}],"wp:attachment":[{"href":"https:\/\/portadordiario.pt\/dropoff\/wp-json\/wp\/v2\/media?parent=1529"}],"curies":[{"name":"wp","href":"https:\/\/api.w.org\/{rel}","templated":true}]}}