{"id":1501,"date":"2017-02-09T14:23:01","date_gmt":"2017-02-09T14:23:01","guid":{"rendered":"http:\/\/consult.loc\/?page_id=1501"},"modified":"2023-10-31T08:30:46","modified_gmt":"2023-10-31T08:30:46","slug":"sobre-nos","status":"publish","type":"page","link":"https:\/\/portadordiario.pt\/dropoff\/sobre-nos\/","title":{"rendered":"Sobre N\u00f3s"},"content":{"rendered":"<p>[vc_row css=&#8221;.vc_custom_1660824637906{margin-top: 30px !important;}&#8221;][vc_column][vc_custom_heading text=&#8221;Sobre N\u00f3s&#8221; font_container=&#8221;tag:h3|text_align:left&#8221; use_theme_fonts=&#8221;yes&#8221; css=&#8221;.vc_custom_1660824571811{margin-bottom: 39px !important;}&#8221;][\/vc_column][\/vc_row][vc_row][vc_column][vc_column_text css=&#8221;.vc_custom_1698737860598{margin-bottom: 25px !important;}&#8221; el_class=&#8221;under_none&#8221;]<\/p>\n<p style=\"text-align: justify;\">Portador Di\u00e1rio Sucursal em Portugal, empresa transit\u00e1ria vocacionada no servi\u00e7o de envio de correspond\u00eancias diversas e de carga a\u00e9rea de Portugal para Mo\u00e7ambique e vice-versa. Com sede em Mo\u00e7ambique, criou-se um servi\u00e7o para satisfazer as necessidades dos clientes, contribuindo significativamente para o incremento das rela\u00e7\u00f5es comerciais entre Portugal e Mo\u00e7ambique, tornando-se no parceiro de confian\u00e7a para o envio de mercadorias e correspond\u00eancia.<br \/>\nIndependentemente do tipo de mercadoria que precisa de enviar, pode reservar o transporte econ\u00f3mico de carga de Portugal para Mo\u00e7ambique e vice-versa atrav\u00e9s da nossa plataforma. Oferecemos diversas solu\u00e7\u00f5es de distribui\u00e7\u00e3o de produtos, armazenagem e seguro de transporte para que possa usufruir de um servi\u00e7o adaptado \u00e0s suas necessidades.<\/p>\n<p>[\/vc_column_text][stm_spacing lg_spacing=&#8221;0&#8243; md_spacing=&#8221;0&#8243; sm_spacing=&#8221;40&#8243; xs_spacing=&#8221;40&#8243;][\/vc_column][\/vc_row][vc_row css=&#8221;.vc_custom_1660824637906{margin-top: 30px !important;}&#8221;][vc_column][vc_custom_heading text=&#8221;Vantagens&#8221; font_container=&#8221;tag:h4|text_align:left&#8221; use_theme_fonts=&#8221;yes&#8221; css=&#8221;.vc_custom_1698740550127{margin-bottom: 39px !important;}&#8221;][\/vc_column][\/vc_row][vc_row][vc_column][vc_column_text css=&#8221;.vc_custom_1698740644810{margin-bottom: 25px !important;}&#8221; el_class=&#8221;under_none&#8221;]<\/p>\n<ol>\n<li>Rapidez, seguran\u00e7a e qualidade na presta\u00e7\u00e3o de servi\u00e7o;<\/li>\n<li>Pre\u00e7os competitivos e flex\u00edveis;<\/li>\n<li>Envio, recolha e entrega de correio e carga internacional;<\/li>\n<li>Rapidez, seguran\u00e7a e qualidade na presta\u00e7\u00e3o de servi\u00e7o;<\/li>\n<li>Possibilidade de ter uma conta corrente , dedicado a atender todas as suas necessidades de forma personalizada;<\/li>\n<li>Live chat para assist\u00eancia online, tornando sua experi\u00eancia ainda mais conveniente.<\/li>\n<\/ol>\n<p>[\/vc_column_text][stm_spacing lg_spacing=&#8221;0&#8243; md_spacing=&#8221;0&#8243; sm_spacing=&#8221;40&#8243; xs_spacing=&#8221;40&#8243;][\/vc_column][\/vc_row][vc_row][vc_column offset=&#8221;vc_hidden-lg vc_hidden-md vc_hidden-sm vc_hidden-xs&#8221;][vc_custom_heading text=&#8221;Porqu\u00ca o Portador Di\u00e1rio?&#8221; font_container=&#8221;tag:h3|text_align:left&#8221; use_theme_fonts=&#8221;yes&#8221; css=&#8221;.vc_custom_1660825717431{margin-bottom: 39px !important;}&#8221;][\/vc_column][\/vc_row][vc_row css=&#8221;.vc_custom_1485526502077{margin-bottom: 30px !important;}&#8221;][vc_column offset=&#8221;vc_col-lg-4 vc_hidden-lg vc_col-md-4 vc_hidden-md vc_hidden-sm vc_hidden-xs&#8221;][stm_icon_box icon=&#8221;stm-airplane&#8221; style=&#8221;icon_left&#8221; icon_size=&#8221;16&#8243; icon_color=&#8221;custom&#8221; icon_width=&#8221;70&#8243; title=&#8221;Travel and Aviation<br \/>\nConsulting&#8221; css=&#8221;.vc_custom_1540890523577{margin-bottom: 28px !important;}&#8221; icon_color_custom=&#8221;#ffffff&#8221;]<span style=\"line-height: 24px;\">Consultants ranked firms on a scale of one to 10, based on prestige, firm culture, work-life balance, compensation, and other factors.<\/span>[\/stm_icon_box][stm_icon_box icon=&#8221;fa fa-university&#8221; style=&#8221;icon_left&#8221; icon_size=&#8221;22&#8243; icon_color=&#8221;custom&#8221; icon_width=&#8221;70&#8243; title=&#8221;Financial Services<br \/>\nConsulting&#8221; css=&#8221;.vc_custom_1540890529159{margin-bottom: 28px !important;}&#8221; icon_color_custom=&#8221;#ffffff&#8221;]<span style=\"line-height: 24px;\">We are a dynamic niche consulting firm that has been helping visionary financial services brands convey their true essence.<\/span>[\/stm_icon_box][\/vc_column][vc_column offset=&#8221;vc_col-lg-4 vc_hidden-lg vc_col-md-4 vc_hidden-md vc_hidden-sm vc_hidden-xs&#8221;][stm_icon_box icon=&#8221;stm-diamond&#8221; style=&#8221;icon_left&#8221; icon_size=&#8221;20&#8243; icon_color=&#8221;custom&#8221; icon_width=&#8221;70&#8243; title=&#8221;Business Services<br \/>\nConsulting&#8221; css=&#8221;.vc_custom_1540890545257{margin-bottom: 28px !important;}&#8221; icon_color_custom=&#8221;#ffffff&#8221;]<span style=\"line-height: 24px;\">We have had to start competing on quality of life in a way that they never had to before \u2014 leading to higher ratings from consultants.<\/span>[\/stm_icon_box][stm_icon_box icon=&#8221;stm-idea&#8221; style=&#8221;icon_left&#8221; icon_size=&#8221;28&#8243; icon_color=&#8221;custom&#8221; icon_width=&#8221;70&#8243; title=&#8221;Energy and Environment<br \/>\nConsulting&#8221; css=&#8221;.vc_custom_1540890550249{margin-bottom: 28px !important;}&#8221; icon_color_custom=&#8221;#ffffff&#8221;]<span style=\"line-height: 24px;\">Engage with consumers and inspire the media \u2014 we ensure brands are seen and heard in all the right places.<\/span>[\/stm_icon_box][\/vc_column][vc_column offset=&#8221;vc_col-lg-4 vc_hidden-lg vc_col-md-4 vc_hidden-md vc_hidden-sm vc_hidden-xs&#8221;][stm_icon_box icon=&#8221;stm-cart_13&#8243; style=&#8221;icon_left&#8221; icon_size=&#8221;20&#8243; icon_color=&#8221;custom&#8221; icon_width=&#8221;70&#8243; title=&#8221;Consumer Products<br \/>\nConsulting&#8221; css=&#8221;.vc_custom_1540890555702{margin-bottom: 28px !important;}&#8221; icon_color_custom=&#8221;#ffffff&#8221;]<span style=\"line-height: 24px;\">We are a company that offers design and build services for you from initial sketches to the final construction.<\/span>[\/stm_icon_box][stm_icon_box icon=&#8221;stm-truck&#8221; style=&#8221;icon_left&#8221; icon_size=&#8221;18&#8243; icon_color=&#8221;custom&#8221; icon_width=&#8221;70&#8243; title=&#8221;Surface Transport<br \/>\n&amp; Logistics Consulting&#8221; icon_color_custom=&#8221;#ffffff&#8221;]<span style=\"line-height: 24px;\">The ConsultingWP firm scored highest for vacation policy, hours in the office, and overall satisfaction.<\/span>[\/stm_icon_box][stm_spacing lg_spacing=&#8221;0&#8243; md_spacing=&#8221;0&#8243; sm_spacing=&#8221;40&#8243; xs_spacing=&#8221;40&#8243;][\/vc_column][\/vc_row][vc_row full_width=&#8221;stretch_row&#8221; equal_height=&#8221;yes&#8221; disable_element=&#8221;yes&#8221; css=&#8221;.vc_custom_1660825927324{background-color: #f2f2f2 !important;}&#8221; el_class=&#8221;about-bg-right&#8221;][vc_column width=&#8221;1\/2&#8243;][vc_custom_heading text=&#8221;Our mission&#8221; font_container=&#8221;tag:h3|text_align:left&#8221; use_theme_fonts=&#8221;yes&#8221; css=&#8221;.vc_custom_1544769875560{margin-top: 50px !important;margin-bottom: 25px !important;}&#8221;][vc_column_text css=&#8221;.vc_custom_1485524615651{margin-bottom: 22px !important;}&#8221;]<span style=\"line-height: 22px;\">In 1990, ConsultingWP combined with Inception Analysis, Incorporated to strengthen its expertise in energy matters and opened its first office in Cupertino. Since then, the company has expanded throughout the United States and Europe to more than 300 people.<\/span>[\/vc_column_text][vc_column_text css=&#8221;.vc_custom_1485525238864{margin-bottom: 23px !important;}&#8221;]<span style=\"line-height: 22px;\">We know our clients\u2019 brands inside and out to create bespoke campaigns that bring the brand story to life, engage with consumers and inspire the media.<\/span>[\/vc_column_text][vc_row_inner css=&#8221;.vc_custom_1485525262482{margin-bottom: 30px !important;}&#8221;][vc_column_inner width=&#8221;1\/2&#8243;][vc_column_text]<\/p>\n<ul>\n<li style=\"line-height: 22px; font-size: 13px;\">Work fewer hours &amp; make money<\/li>\n<li style=\"line-height: 22px; font-size: 13px;\">Phenomenal success in our target<\/li>\n<li style=\"line-height: 22px; font-size: 13px;\">Retain, high-paying customers<\/li>\n<\/ul>\n<p>[\/vc_column_text][\/vc_column_inner][vc_column_inner width=&#8221;1\/2&#8243;][vc_column_text]<\/p>\n<ul style=\"line-height: 22px;\">\n<li style=\"line-height: 22px; font-size: 13px;\">You\u2019ll get more done in less time<\/li>\n<li style=\"line-height: 22px; font-size: 13px;\">Leadership skills to manage team<\/li>\n<li style=\"line-height: 22px; font-size: 13px;\">Generating millions of dollars<\/li>\n<\/ul>\n<p>[\/vc_column_text][\/vc_column_inner][\/vc_row_inner][stm_spacing lg_spacing=&#8221;50&#8243; md_spacing=&#8221;50&#8243; sm_spacing=&#8221;54&#8243; xs_spacing=&#8221;54&#8243;][\/vc_column][vc_column width=&#8221;1\/2&#8243; css=&#8221;.vc_custom_1584354933745{padding-top: 52px !important;padding-bottom: 95px !important;background-image: url(https:\/\/pt.mach.co.mz\/wp-content\/uploads\/2016\/06\/placeholder.gif?id=6561) !important;background-position: center !important;background-repeat: no-repeat !important;background-size: cover !important;}&#8221; el_class=&#8221;about_full-right_width&#8221;][vc_custom_heading text=&#8221;Our experience&#8221; font_container=&#8221;tag:h3|text_align:left|color:%23ffffff&#8221; use_theme_fonts=&#8221;yes&#8221; css=&#8221;.vc_custom_1544769880450{margin-bottom: 43px !important;}&#8221;][vc_progress_bar values=&#8221;%5B%7B%22label%22%3A%22Financial%20Services%22%2C%22value%22%3A%2287%22%2C%22color%22%3A%22custom%22%2C%22customtxtcolor%22%3A%22%23ffffff%22%7D%2C%7B%22label%22%3A%22Business%20Services%22%2C%22value%22%3A%2275%22%2C%22color%22%3A%22custom%22%2C%22customtxtcolor%22%3A%22%23ffffff%22%7D%2C%7B%22label%22%3A%22Consumer%20Products%22%2C%22value%22%3A%2263%22%2C%22color%22%3A%22custom%22%2C%22customtxtcolor%22%3A%22%23ffffff%22%7D%2C%7B%22label%22%3A%22Energy%20and%20Environment%22%2C%22value%22%3A%2250%22%2C%22color%22%3A%22custom%22%2C%22customtxtcolor%22%3A%22%23ffffff%22%7D%5D&#8221; bgcolor=&#8221;custom&#8221; units=&#8221;%&#8221; css=&#8221;.vc_custom_1549443111979{padding-right: 20px !important;}&#8221;][\/vc_column][\/vc_row][vc_row full_width=&#8221;stretch_row&#8221; equal_height=&#8221;yes&#8221; css=&#8221;.vc_custom_1555484305136{background-color: #f2f2f2 !important;}&#8221; el_class=&#8221;about-bg-right&#8221;][vc_column width=&#8221;1\/3&#8243; css=&#8221;.vc_custom_1662123700550{padding-top: 52px !important;padding-bottom: 95px !important;background-position: center !important;background-repeat: no-repeat !important;background-size: cover !important;}&#8221;][vc_custom_heading text=&#8221;A Nossa Miss\u00e3o&#8221; font_container=&#8221;tag:h3|text_align:left&#8221; use_theme_fonts=&#8221;yes&#8221; css=&#8221;.vc_custom_1660825965209{margin-top: 50px !important;margin-bottom: 25px !important;}&#8221;][vc_row_inner css=&#8221;.vc_custom_1485525262482{margin-bottom: 30px !important;}&#8221;][vc_column_inner][vc_column_text]<\/p>\n<ul>\n<li>Fornecer solu\u00e7\u00f5es de servi\u00e7os de transporte de Correio e Carga a n\u00edvel nacional e internacional com efici\u00eancia, seguran\u00e7a e qualidade.<\/li>\n<\/ul>\n<p>[\/vc_column_text][\/vc_column_inner][\/vc_row_inner][\/vc_column][vc_column width=&#8221;1\/3&#8243;][vc_custom_heading text=&#8221;A Nossa Vis\u00e3o&#8221; font_container=&#8221;tag:h3|text_align:left&#8221; use_theme_fonts=&#8221;yes&#8221; css=&#8221;.vc_custom_1660826281473{margin-top: 50px !important;margin-bottom: 25px !important;}&#8221;][vc_row_inner css=&#8221;.vc_custom_1485525262482{margin-bottom: 30px !important;}&#8221;][vc_column_inner][vc_column_text]<\/p>\n<ul>\n<li>Liderar o mercado nacional de transporte de Correio e Carga e expandir para o mercado internacional.<\/li>\n<\/ul>\n<p>[\/vc_column_text][\/vc_column_inner][\/vc_row_inner][\/vc_column][vc_column width=&#8221;1\/3&#8243;][vc_custom_heading text=&#8221;Os Nossos Valores&#8221; font_container=&#8221;tag:h3|text_align:left&#8221; use_theme_fonts=&#8221;yes&#8221; css=&#8221;.vc_custom_1662123101750{margin-top: 50px !important;margin-bottom: 25px !important;}&#8221;][vc_row_inner css=&#8221;.vc_custom_1485525262482{margin-bottom: 30px !important;}&#8221;][vc_column_inner][vc_column_text]<\/p>\n<ul>\n<li>Agir com \u00e9tica, integridade e transpar\u00eancia;<\/li>\n<li>Ter compromisso com o cliente;<\/li>\n<li>Ser proactivo;<\/li>\n<li>Respeitar uns aos outros;<\/li>\n<li>Ser socialmente respons\u00e1vel.<\/li>\n<\/ul>\n<p>[\/vc_column_text][\/vc_column_inner][\/vc_row_inner][\/vc_column][\/vc_row][vc_row full_width=&#8221;stretch_row&#8221; el_class=&#8221;third_bg_color&#8221; css=&#8221;.vc_custom_1451889219674{margin-bottom: -60px !important;}&#8221;][vc_column offset=&#8221;vc_hidden-lg vc_hidden-md vc_hidden-sm vc_hidden-xs&#8221;][vc_cta h2=&#8221;Deseja contratar os nossos servi\u00e7os, envie-nos uma mensagem e receba cota\u00e7\u00e3o sem sair de casa.&#8221; h2_font_container=&#8221;tag:h2|font_size:20px|text_align:left|color:%23ffffff|line_height:24px&#8221; h2_use_theme_fonts=&#8221;yes&#8221; shape=&#8221;square&#8221; style=&#8221;flat&#8221; add_button=&#8221;right&#8221; btn_title=&#8221;Cota\u00e7\u00e3o Online&#8221; btn_style=&#8221;flat&#8221; btn_color=&#8221;theme_style_2&#8243; btn_size=&#8221;lg&#8221; btn_align=&#8221;right&#8221; btn_i_align=&#8221;right&#8221; btn_i_icon_fontawesome=&#8221;stm-location&#8221; use_custom_fonts_h2=&#8221;true&#8221; btn_button_block=&#8221;true&#8221; btn_add_icon=&#8221;true&#8221; el_class=&#8221;third_bg_color&#8221; css=&#8221;.vc_custom_1662123268343{margin-bottom: 0px !important;}&#8221;][\/vc_cta][\/vc_column][\/vc_row]<\/p>\n","protected":false},"excerpt":{"rendered":"<p>[vc_row css=&#8221;.vc_custom_1660824637906{margin-top: 30px !important;}&#8221;][vc_column][vc_custom_heading text=&#8221;Sobre N\u00f3s&#8221; font_container=&#8221;tag:h3|text_align:left&#8221; use_theme_fonts=&#8221;yes&#8221; css=&#8221;.vc_custom_1660824571811{margin-bottom: 39px !important;}&#8221;][\/vc_column][\/vc_row][vc_row][vc_column][vc_column_text css=&#8221;.vc_custom_1698737860598{margin-bottom: 25px !important;}&#8221; el_class=&#8221;under_none&#8221;] Portador Di\u00e1rio Sucursal em Portugal, empresa transit\u00e1ria vocacionada no servi\u00e7o de envio de correspond\u00eancias diversas e de carga a\u00e9rea de Portugal para Mo\u00e7ambique e vice-versa. Com sede em Mo\u00e7ambique, criou-se um servi\u00e7o para satisfazer as necessidades dos clientes, contribuindo significativamente<\/p>\n","protected":false},"author":1,"featured_media":0,"parent":0,"menu_order":0,"comment_status":"closed","ping_status":"closed","template":"","meta":{"footnotes":""},"_links":{"self":[{"href":"https:\/\/portadordiario.pt\/dropoff\/wp-json\/wp\/v2\/pages\/1501"}],"collection":[{"href":"https:\/\/portadordiario.pt\/dropoff\/wp-json\/wp\/v2\/pages"}],"about":[{"href":"https:\/\/portadordiario.pt\/dropoff\/wp-json\/wp\/v2\/types\/page"}],"author":[{"embeddable":true,"href":"https:\/\/portadordiario.pt\/dropoff\/wp-json\/wp\/v2\/users\/1"}],"replies":[{"embeddable":true,"href":"https:\/\/portadordiario.pt\/dropoff\/wp-json\/wp\/v2\/comments?post=1501"}],"version-history":[{"count":15,"href":"https:\/\/portadordiario.pt\/dropoff\/wp-json\/wp\/v2\/pages\/1501\/revisions"}],"predecessor-version":[{"id":7269,"href":"https:\/\/portadordiario.pt\/dropoff\/wp-json\/wp\/v2\/pages\/1501\/revisions\/7269"}],"wp:attachment":[{"href":"https:\/\/portadordiario.pt\/dropoff\/wp-json\/wp\/v2\/media?parent=1501"}],"curies":[{"name":"wp","href":"https:\/\/api.w.org\/{rel}","templated":true}]}}