{"id":1071,"date":"2015-12-14T07:14:55","date_gmt":"2015-12-14T07:14:55","guid":{"rendered":"http:\/\/consulting.stylemixthemes.com\/?page_id=2"},"modified":"2024-01-23T08:09:50","modified_gmt":"2024-01-23T08:09:50","slug":"inicio","status":"publish","type":"page","link":"https:\/\/portadordiario.pt\/dropoff\/","title":{"rendered":"Inicio"},"content":{"rendered":"<p>[vc_row][vc_column][rev_slider_vc alias=&#8221;highlight-carousel7&#8243;][stm_anchors_text sticky_nav=&#8221;true&#8221; sections=&#8221;%5B%7B%22tab_id%22%3A%22sobre-nos%22%7D%5D&#8221;][\/vc_column][\/vc_row][vc_row full_width=&#8221;stretch_row&#8221; content_placement=&#8221;middle&#8221; css_animation=&#8221;none&#8221; disable_element=&#8221;yes&#8221; css=&#8221;.vc_custom_1660217610748{margin-bottom: 0px !important;background-color: #ebedf3 !important;}&#8221; el_class=&#8221;z-index_2&#8243;][vc_column css=&#8221;.vc_custom_1660053096476{margin-left: 150px !important;}&#8221;][stm_services posts_per_page=&#8221;3&#8243; posts_per_row=&#8221;4&#8243; service_more=&#8221;yes&#8221; service_pagination=&#8221;yes&#8221; css=&#8221;.vc_custom_1660052905155{margin-top: -100px !important;}&#8221;][stm_spacing lg_spacing=&#8221;80&#8243; md_spacing=&#8221;70&#8243; sm_spacing=&#8221;60&#8243; xs_spacing=&#8221;50&#8243;][\/vc_column][\/vc_row][vc_row full_width=&#8221;stretch_row&#8221; css=&#8221;.vc_custom_1677501573070{margin-top: 50px !important;background-color: #ffffff !important;}&#8221;][vc_column width=&#8221;1\/2&#8243;][vc_custom_heading stripe_pos=&#8221;hide&#8221; text=&#8221;Sobre N\u00f3s&#8221; font_container=&#8221;tag:h2|text_align:center&#8221; use_theme_fonts=&#8221;yes&#8221;][vc_column_text]<\/p>\n<p style=\"text-align: justify;\">O <strong>Portador Di\u00e1rio,<\/strong> Lda. Sucursal em Portugal, \u00e9 um servi\u00e7o de Transit\u00e1rios vocacionado na expedi\u00e7\u00e3o de Correspond\u00eancia Diversa e de Carga (A\u00e9rea e Mar\u00edtima) de Portugal para Mo\u00e7ambique e vice-versa. Com Sede em Mo\u00e7ambique, este servi\u00e7o foi criado para satisfazer as necessidades de clientes, contribuindo significativamente para o incremento das rela\u00e7\u00f5es comerciais entre Portugal e Mo\u00e7ambique, tornando-se no parceiro de confian\u00e7a para o envio de Mercadorias e Correspond\u00eancia.<\/p>\n<p>[\/vc_column_text][stm_anchors_text sticky_nav=&#8221;true&#8221; sections=&#8221;%5B%7B%22tab_id%22%3A%22servicos%22%7D%5D&#8221;][vc_btn title=&#8221;Saber Mais&#8230;&#8221; color=&#8221;danger&#8221; align=&#8221;center&#8221; link=&#8221;url:https%3A%2F%2Fportadordiario.pt%2Fsobre-nos%2F|title:Sobre%20N%C3%B3s&#8221;][stm_spacing lg_spacing=&#8221;10&#8243; md_spacing=&#8221;80&#8243; sm_spacing=&#8221;70&#8243; xs_spacing=&#8221;60&#8243;][\/vc_column][vc_column width=&#8221;1\/2&#8243;][vc_single_image image=&#8221;7224&#8243; img_size=&#8221;large&#8221;][\/vc_column][\/vc_row][vc_row full_width=&#8221;stretch_row&#8221; css=&#8221;.vc_custom_1678701601942{margin-top: 20px !important;border-top-width: 20px !important;padding-top: 50px !important;background-color: #efefef !important;}&#8221;][vc_column][vc_custom_heading text=&#8221;Os Nossos Servi\u00e7os&#8221; font_container=&#8221;tag:h2|text_align:center&#8221; use_theme_fonts=&#8221;yes&#8221;][stm_services posts_per_page=&#8221;4&#8243; posts_per_row=&#8221;4&#8243; category=&#8221;servicos&#8221; img_size=&#8221;740&#215;440&#8243;][stm_spacing lg_spacing=&#8221;110&#8243;][\/vc_column][\/vc_row][vc_row full_width=&#8221;stretch_row&#8221; css=&#8221;.vc_custom_1677171777808{margin-top: -100px !important;background-image: url(https:\/\/pt.mach.co.mz\/wp-content\/uploads\/2022\/08\/21Courier-Service-copy.jpg?id=6965) !important;background-position: center !important;background-repeat: no-repeat !important;background-size: cover !important;}&#8221;][vc_column][stm_spacing lg_spacing=&#8221;60&#8243; md_spacing=&#8221;80&#8243; sm_spacing=&#8221;70&#8243; xs_spacing=&#8221;60&#8243;][vc_custom_heading stripe_pos=&#8221;hide&#8221; text=&#8221;Porqu\u00ea o Portador Di\u00e1rio?&#8221; font_container=&#8221;tag:h2|text_align:center|color:%23ffffff&#8221; use_theme_fonts=&#8221;yes&#8221; subtitle_color=&#8221;#000000&#8243;][stm_spacing lg_spacing=&#8221;10&#8243; md_spacing=&#8221;20&#8243; sm_spacing=&#8221;15&#8243; xs_spacing=&#8221;100&#8243;][vc_row_inner][vc_column_inner width=&#8221;1\/3&#8243;][stm_info_box style=&#8221;style_9&#8243; title=&#8221;Prepare sua encomenda.&#8221; infobox_label=&#8221;01&#8243;]Utilize materiais de prote\u00e7\u00e3o adequadas e identi\ufb01que claramente a encomenda com informa\u00e7\u00f5es precisas do destinat\u00e1rio e remetente.[\/stm_info_box][\/vc_column_inner][vc_column_inner width=&#8221;1\/3&#8243;][stm_info_box style=&#8221;style_9&#8243; title=&#8221;Entregue no ponto de coleta.&#8221; infobox_label=&#8221;02&#8243;]Localize e entregue a encomenda no ponto de coleta mais pr\u00f3ximo de si.[\/stm_info_box][\/vc_column_inner][vc_column_inner width=&#8221;1\/3&#8243;][stm_info_box style=&#8221;style_9&#8243; title=&#8221;Fique tranquilo!&#8221; infobox_label=&#8221;03&#8243;]Relaxe com a certeza de que a sua encomenda chegar\u00e1 a tempo\u00a0e\u00a0em\u00a0ordem.[\/stm_info_box][\/vc_column_inner][\/vc_row_inner][stm_spacing lg_spacing=&#8221;50&#8243; md_spacing=&#8221;80&#8243; sm_spacing=&#8221;70&#8243; xs_spacing=&#8221;60&#8243;][\/vc_column][\/vc_row][vc_row disable_element=&#8221;yes&#8221;][vc_column][vc_custom_heading text=&#8221;Cost Calculator&#8221; font_container=&#8221;tag:h2|text_align:center&#8221; use_theme_fonts=&#8221;yes&#8221;][stm_spacing lg_spacing=&#8221;25&#8243; md_spacing=&#8221;20&#8243; sm_spacing=&#8221;15&#8243; xs_spacing=&#8221;15&#8243;][stm_cost_calculator calculator=&#8221;6337&#8243;][stm_spacing lg_spacing=&#8221;95&#8243; md_spacing=&#8221;80&#8243; sm_spacing=&#8221;70&#8243; xs_spacing=&#8221;60&#8243;][\/vc_column][\/vc_row][vc_row][vc_column][stm_spacing lg_spacing=&#8221;25&#8243; md_spacing=&#8221;20&#8243; sm_spacing=&#8221;15&#8243; xs_spacing=&#8221;15&#8243;][stm_spacing lg_spacing=&#8221;95&#8243; md_spacing=&#8221;80&#8243; sm_spacing=&#8221;70&#8243; xs_spacing=&#8221;60&#8243;][\/vc_column][\/vc_row][vc_row full_width=&#8221;stretch_row&#8221; css=&#8221;.vc_custom_1676557134196{background-image: url(https:\/\/pt.mach.co.mz\/wp-content\/uploads\/2022\/08\/22Courier-Service-copy.jpg?id=6981) !important;background-position: center !important;background-repeat: no-repeat !important;background-size: cover !important;}&#8221;][vc_column offset=&#8221;vc_col-lg-5 vc_col-md-5&#8243;][stm_spacing lg_spacing=&#8221;95&#8243; md_spacing=&#8221;80&#8243; sm_spacing=&#8221;70&#8243; xs_spacing=&#8221;60&#8243;][vc_custom_heading text=&#8221;Mais de 10 anos<br \/>\nde experi\u00eancia&#8221; font_container=&#8221;tag:h2|text_align:left|color:%23ffffff&#8221; use_theme_fonts=&#8221;yes&#8221;][vc_column_text][\/vc_column_text][stm_spacing lg_spacing=&#8221;65&#8243; md_spacing=&#8221;50&#8243; sm_spacing=&#8221;0&#8243; xs_spacing=&#8221;0&#8243;][stm_anchors_text sticky_nav=&#8221;true&#8221; sections=&#8221;%5B%7B%22tab_id%22%3A%22noticias%22%7D%5D&#8221;][\/vc_column][vc_column width=&#8221;1\/12&#8243;][\/vc_column][vc_column offset=&#8221;vc_col-lg-6 vc_col-md-6&#8243;][stm_spacing lg_spacing=&#8221;95&#8243; md_spacing=&#8221;80&#8243; sm_spacing=&#8221;0&#8243; xs_spacing=&#8221;0&#8243;][vc_row_inner][vc_column_inner width=&#8221;1\/2&#8243;][stm_stats_counter stat_counter_style=&#8221;style_5&#8243; icon=&#8221;stm-ankara-case&#8221; counter_value=&#8221;321&#8243; title_color=&#8221;#ffffff&#8221; icon_color=&#8221;#aab108&#8243; title=&#8221;Servi\u00e7os&#8221;][stm_spacing lg_spacing=&#8221;30&#8243; md_spacing=&#8221;30&#8243; sm_spacing=&#8221;20&#8243; xs_spacing=&#8221;20&#8243;][\/vc_column_inner][vc_column_inner width=&#8221;1\/2&#8243;][stm_stats_counter stat_counter_style=&#8221;style_5&#8243; icon=&#8221;stm-ankara-user&#8221; counter_value=&#8221;200&#8243; title_color=&#8221;#ffffff&#8221; icon_color=&#8221;#aab108&#8243; title=&#8221;Funcion\u00e1rios&#8221;][stm_spacing lg_spacing=&#8221;30&#8243; md_spacing=&#8221;30&#8243; sm_spacing=&#8221;20&#8243; xs_spacing=&#8221;20&#8243;][\/vc_column_inner][\/vc_row_inner][vc_row_inner][vc_column_inner width=&#8221;1\/2&#8243;][stm_stats_counter stat_counter_style=&#8221;style_5&#8243; icon=&#8221;stm-ankara-trophy&#8221; counter_value=&#8221;19&#8243; title_color=&#8221;#ffffff&#8221; icon_color=&#8221;#aab108&#8243; title=&#8221;Pr\u00eamios&#8221;][stm_spacing xs_spacing=&#8221;20&#8243;][\/vc_column_inner][vc_column_inner width=&#8221;1\/2&#8243;][stm_stats_counter stat_counter_style=&#8221;style_5&#8243; icon=&#8221;stm-ankara-like&#8221; counter_value=&#8221;280&#8243; title_color=&#8221;#ffffff&#8221; icon_color=&#8221;#aab108&#8243; title=&#8221;Clientes Satisfeitos&#8221;][\/vc_column_inner][\/vc_row_inner][stm_spacing lg_spacing=&#8221;65&#8243; md_spacing=&#8221;50&#8243; sm_spacing=&#8221;70&#8243; xs_spacing=&#8221;60&#8243;][\/vc_column][\/vc_row][vc_row css=&#8221;.vc_custom_1677501651672{margin-top: 50px !important;}&#8221;][vc_column][vc_custom_heading stripe_pos=&#8221;hide&#8221; text=&#8221;\u00daltimas Actualiza\u00e7\u00f5es&#8221; font_container=&#8221;tag:h2|text_align:center&#8221; use_theme_fonts=&#8221;yes&#8221;][stm_spacing lg_spacing=&#8221;15&#8243; md_spacing=&#8221;15&#8243; sm_spacing=&#8221;10&#8243; xs_spacing=&#8221;10&#8243;][stm_news loop=&#8221;size:3|post_type:post&#8221; view_style=&#8221;style_6&#8243;][vc_btn title=&#8221;Mais Not\u00edcias&#8230;&#8221; color=&#8221;danger&#8221; align=&#8221;center&#8221; link=&#8221;url:https%3A%2F%2Fportadordiario.pt%2Fnoticias%2F|title:Not%C3%ADcias&#8221;][\/vc_column][\/vc_row][vc_row full_width=&#8221;stretch_row&#8221; disable_element=&#8221;yes&#8221; css=&#8221;.vc_custom_1660044083158{background-image: url(https:\/\/pt.mach.co.mz\/wp-content\/uploads\/2016\/06\/placeholder.gif?id=6539) !important;background-position: center !important;background-repeat: no-repeat !important;background-size: cover !important;}&#8221;][vc_column][stm_spacing lg_spacing=&#8221;120&#8243; md_spacing=&#8221;100&#8243; sm_spacing=&#8221;80&#8243; xs_spacing=&#8221;70&#8243;][vc_custom_heading text=&#8221;Best of Business Planning Advisors &amp; Specialists&#8221; font_container=&#8221;tag:h2|text_align:center|color:%23ffffff&#8221; use_theme_fonts=&#8221;yes&#8221;][vc_row_inner][vc_column_inner width=&#8221;1\/4&#8243;][\/vc_column_inner][vc_column_inner width=&#8221;1\/2&#8243;][vc_column_text]<\/p>\n<p style=\"text-align: center;\"><span style=\"color: #ffffff;\">Next level keffiyeh small batch, activated charcoal twee pickled swag. Air plant taxidermy asymmetrical wolf, mlkshk art party post-ironic godard coloring book tote bag. <\/span><\/p>\n<p>[\/vc_column_text][\/vc_column_inner][vc_column_inner width=&#8221;1\/4&#8243;][\/vc_column_inner][\/vc_row_inner][stm_spacing lg_spacing=&#8221;30&#8243; md_spacing=&#8221;30&#8243; sm_spacing=&#8221;30&#8243; xs_spacing=&#8221;20&#8243;][vc_btn title=&#8221;Learn more&#8221; style=&#8221;flat&#8221; shape=&#8221;square&#8221; color=&#8221;theme_style_3&#8243; align=&#8221;center&#8221; link=&#8221;url:%23|||&#8221;][stm_spacing lg_spacing=&#8221;130&#8243; md_spacing=&#8221;110&#8243; sm_spacing=&#8221;90&#8243; xs_spacing=&#8221;80&#8243;][\/vc_column][\/vc_row][vc_row full_width=&#8221;stretch_row&#8221; css=&#8221;.vc_custom_1676553784601{margin-top: 30px !important;background-color: #efefef !important;}&#8221;][vc_column][vc_custom_heading text=&#8221;O que dizem de n\u00f3s&#8221; font_container=&#8221;tag:h2|text_align:center&#8221; use_theme_fonts=&#8221;yes&#8221;][stm_testimonials count=&#8221;3&#8243; per_row=&#8221;3&#8243;][\/vc_column][\/vc_row][vc_row css=&#8221;.vc_custom_1660217743586{margin-top: 30px !important;}&#8221;][vc_column][vc_custom_heading text=&#8221;Os Nossos Clientes&#8221; font_container=&#8221;tag:h2|text_align:center&#8221; use_theme_fonts=&#8221;yes&#8221;][stm_image_carousel grayscale=&#8221;yes&#8221; img_size=&#8221;full&#8221; autoplay=&#8221;yes&#8221; loop=&#8221;yes&#8221; items=&#8221;5&#8243; dots=&#8221;true&#8221; images=&#8221;7134,7133,7132,7131,7130,7128,7129,7127,7126,7125,7124,7123&#8243;][stm_spacing lg_spacing=&#8221;130&#8243; md_spacing=&#8221;110&#8243; sm_spacing=&#8221;90&#8243; xs_spacing=&#8221;80&#8243;][\/vc_column][\/vc_row][vc_row][vc_column][\/vc_column][\/vc_row]<\/p>\n","protected":false},"excerpt":{"rendered":"<p>[vc_row][vc_column][rev_slider_vc alias=&#8221;highlight-carousel7&#8243;][stm_anchors_text sticky_nav=&#8221;true&#8221; sections=&#8221;%5B%7B%22tab_id%22%3A%22sobre-nos%22%7D%5D&#8221;][\/vc_column][\/vc_row][vc_row full_width=&#8221;stretch_row&#8221; content_placement=&#8221;middle&#8221; css_animation=&#8221;none&#8221; disable_element=&#8221;yes&#8221; css=&#8221;.vc_custom_1660217610748{margin-bottom: 0px !important;background-color: #ebedf3 !important;}&#8221; el_class=&#8221;z-index_2&#8243;][vc_column css=&#8221;.vc_custom_1660053096476{margin-left: 150px !important;}&#8221;][stm_services posts_per_page=&#8221;3&#8243; posts_per_row=&#8221;4&#8243; service_more=&#8221;yes&#8221; service_pagination=&#8221;yes&#8221; css=&#8221;.vc_custom_1660052905155{margin-top: -100px !important;}&#8221;][stm_spacing lg_spacing=&#8221;80&#8243; md_spacing=&#8221;70&#8243; sm_spacing=&#8221;60&#8243; xs_spacing=&#8221;50&#8243;][\/vc_column][\/vc_row][vc_row full_width=&#8221;stretch_row&#8221; css=&#8221;.vc_custom_1677501573070{margin-top: 50px !important;background-color: #ffffff !important;}&#8221;][vc_column width=&#8221;1\/2&#8243;][vc_custom_heading stripe_pos=&#8221;hide&#8221; text=&#8221;Sobre N\u00f3s&#8221; font_container=&#8221;tag:h2|text_align:center&#8221; use_theme_fonts=&#8221;yes&#8221;][vc_column_text] O Portador Di\u00e1rio, Lda. Sucursal em Portugal, \u00e9 um servi\u00e7o de Transit\u00e1rios vocacionado na expedi\u00e7\u00e3o<\/p>\n","protected":false},"author":1,"featured_media":0,"parent":0,"menu_order":0,"comment_status":"closed","ping_status":"closed","template":"","meta":{"footnotes":""},"_links":{"self":[{"href":"https:\/\/portadordiario.pt\/dropoff\/wp-json\/wp\/v2\/pages\/1071"}],"collection":[{"href":"https:\/\/portadordiario.pt\/dropoff\/wp-json\/wp\/v2\/pages"}],"about":[{"href":"https:\/\/portadordiario.pt\/dropoff\/wp-json\/wp\/v2\/types\/page"}],"author":[{"embeddable":true,"href":"https:\/\/portadordiario.pt\/dropoff\/wp-json\/wp\/v2\/users\/1"}],"replies":[{"embeddable":true,"href":"https:\/\/portadordiario.pt\/dropoff\/wp-json\/wp\/v2\/comments?post=1071"}],"version-history":[{"count":82,"href":"https:\/\/portadordiario.pt\/dropoff\/wp-json\/wp\/v2\/pages\/1071\/revisions"}],"predecessor-version":[{"id":7312,"href":"https:\/\/portadordiario.pt\/dropoff\/wp-json\/wp\/v2\/pages\/1071\/revisions\/7312"}],"wp:attachment":[{"href":"https:\/\/portadordiario.pt\/dropoff\/wp-json\/wp\/v2\/media?parent=1071"}],"curies":[{"name":"wp","href":"https:\/\/api.w.org\/{rel}","templated":true}]}}